{"id":854,"date":"2021-12-14T15:14:47","date_gmt":"2021-12-14T15:14:47","guid":{"rendered":"https:\/\/xn--memoriademocraticadepearroyapueblonuevo-1yd.es\/?page_id=854"},"modified":"2022-08-02T17:17:31","modified_gmt":"2022-08-02T17:17:31","slug":"guadiato","status":"publish","type":"page","link":"https:\/\/xn--memoriademocraticadepearroyapueblonuevo-1yd.es\/index.php\/guadiato\/","title":{"rendered":"Guadiato"},"content":{"rendered":"<p>[vc_row][vc_column][vc_empty_space height=\u00bb1em\u00bb alter_height=\u00bbnone\u00bb hide_on_mobile=\u00bb1&#8243;][\/vc_column][\/vc_row][vc_row][vc_column width=\u00bb1\/2&#8243;][vc_empty_space height=\u00bb2em\u00bb alter_height=\u00bbnone\u00bb hide_on_mobile=\u00bb\u00bb][vc_single_image image=\u00bb954&#8243; img_size=\u00bbfull\u00bb alignment=\u00bbcenter\u00bb][\/vc_column][vc_column width=\u00bb1\/2&#8243;][vc_empty_space height=\u00bb2em\u00bb alter_height=\u00bbnone\u00bb hide_on_mobile=\u00bb\u00bb]<div id=\"sc_title_16187437\"\r\n\t\tclass=\"sc_title sc_title_default\"><h1 class=\"sc_item_title sc_title_title sc_align_left sc_item_title_style_default sc_item_title_tag\">El Guadiato<\/h1><\/div><!-- \/.sc_title -->[vc_empty_space height=\u00bb0.2em\u00bb alter_height=\u00bbnone\u00bb hide_on_mobile=\u00bb\u00bb][vc_column_text]<span style=\"font-weight: 400;\">El <\/span><span style=\"font-weight: 400;\">Valle del Guadiato es una comarca de la provincia de C\u00f3rdoba integrada por 11 municipios y que toma su nombre del r\u00edo Guadiato y del valle que forma su curso. Est\u00e1 situada al noroeste de la provincia con una extensi\u00f3n superficial de 2 512 km\u00b2.<\/span><\/p>\n<p><span style=\"font-weight: 400;\">Antigua zona minera de carb\u00f3n, cobre, plomo, plata y hierro, form\u00f3 parte de la Beturia de los T\u00fardulos. A\u00fan se conservan explotaciones carbon\u00edferas como las de la Corta Ballesta en el t\u00e9rmino de Espiel o algunos pozos en el municipio de Pe\u00f1arroya-Pueblonuevo.\u00a0<\/span><\/p>\n<p><span style=\"font-weight: 400;\">Este \u00faltimo municipio es el m\u00e1s poblado de la comarca (10 695 habitantes). A\u00fan sigue viviendo de la miner\u00eda, si bien los puestos que mantiene no superan el centenar. Asimismo, en Belmez se fund\u00f3 en 1924 una \u00abEscuela Pr\u00e1ctica de Obreros Mineros\u00bb, que fue Escuela T\u00e9cnica desde 1930 y hoy Escuela Universitaria Polit\u00e9cnica de Belmez, <\/span><span style=\"font-weight: 400;\">con estudios de Ingenier\u00eda T\u00e9cnica en Explotaci\u00f3n de Minas y en Obras P\u00fablicas, y un Museo Hist\u00f3rico de Belmez y del Territorio Minero.<\/span><\/p>\n<p>[\/vc_column_text][vc_empty_space height=\u00bb2.4em\u00bb alter_height=\u00bbnone\u00bb hide_on_mobile=\u00bb\u00bb][\/vc_column][\/vc_row][vc_row][vc_column][vc_empty_space height=\u00bb3em\u00bb alter_height=\u00bbsmall\u00bb hide_on_mobile=\u00bb1&#8243;][vc_empty_space height=\u00bb3em\u00bb alter_height=\u00bbnone\u00bb hide_on_mobile=\u00bb\u00bb][vc_empty_space height=\u00bb1.45em\u00bb alter_height=\u00bbnone\u00bb hide_on_mobile=\u00bb1&#8243;][\/vc_column][\/vc_row][vc_row][vc_column width=\u00bb1\/4&#8243;][vc_empty_space height=\u00bb3em\u00bb alter_height=\u00bbsmall\u00bb hide_on_mobile=\u00bb1&#8243;][vc_single_image image=\u00bb1036&#8243; img_size=\u00bblarge\u00bb][vc_custom_heading text=\u00bbBelmez\u00bb font_container=\u00bbtag:h2|text_align:center\u00bb link=\u00bbtitle:Belmez\u00bb][\/vc_column][vc_column width=\u00bb1\/4&#8243;][vc_empty_space height=\u00bb3em\u00bb alter_height=\u00bbsmall\u00bb hide_on_mobile=\u00bb1&#8243;][vc_single_image image=\u00bb1101&#8243; img_size=\u00bblarge\u00bb][vc_custom_heading text=\u00bbLos Bl\u00e1zquez\u00bb font_container=\u00bbtag:h2|text_align:center\u00bb link=\u00bbtitle:Los%20Blazquez\u00bb][\/vc_column][vc_column width=\u00bb1\/4&#8243;][vc_empty_space height=\u00bb3em\u00bb alter_height=\u00bbsmall\u00bb hide_on_mobile=\u00bb1&#8243;][vc_single_image image=\u00bb1103&#8243; img_size=\u00bblarge\u00bb][vc_custom_heading text=\u00bbEspiel\u00bb font_container=\u00bbtag:h2|text_align:center\u00bb link=\u00bbtitle:Espiel\u00bb][\/vc_column][vc_column width=\u00bb1\/4&#8243;][vc_empty_space height=\u00bb3em\u00bb alter_height=\u00bbsmall\u00bb hide_on_mobile=\u00bb1&#8243;][vc_single_image image=\u00bb1104&#8243; img_size=\u00bblarge\u00bb][vc_custom_heading text=\u00bbFuente Obejuna\u00bb font_container=\u00bbtag:h2|text_align:center\u00bb link=\u00bbtitle:Fuente%20Ovejuna\u00bb][\/vc_column][\/vc_row][vc_row][vc_column width=\u00bb1\/4&#8243;][vc_empty_space height=\u00bb3em\u00bb alter_height=\u00bbsmall\u00bb hide_on_mobile=\u00bb1&#8243;][vc_single_image image=\u00bb1105&#8243; img_size=\u00bblarge\u00bb][vc_custom_heading text=\u00bbLa Granjuela\u00bb font_container=\u00bbtag:h2|text_align:center\u00bb link=\u00bburl:https%3A%2F%2Fmemoriademocraticadepe%C3%B1arroyapueblonuevo.es%2Findex.php%2Fla-granjuela%2F|title:La%20Granjuela\u00bb][\/vc_column][vc_column width=\u00bb1\/4&#8243;][vc_empty_space height=\u00bb3em\u00bb alter_height=\u00bbsmall\u00bb hide_on_mobile=\u00bb1&#8243;][vc_single_image image=\u00bb1106&#8243; img_size=\u00bblarge\u00bb][vc_custom_heading text=\u00bbPe\u00f1arroya-Pueblonuevo\u00bb font_container=\u00bbtag:h2|text_align:center\u00bb link=\u00bburl:https%3A%2F%2Fmemoriademocraticadepe%C3%B1arroyapueblonuevo.es%2Findex.php%2Fmemoria-democracia-penarroya-pueblonuevo%2F|title:Pe%C3%B1arroya%20Pueblonuevo\u00bb][\/vc_column][vc_column width=\u00bb1\/4&#8243;][vc_empty_space height=\u00bb3em\u00bb alter_height=\u00bbsmall\u00bb hide_on_mobile=\u00bb1&#8243;][vc_single_image image=\u00bb1107&#8243; img_size=\u00bblarge\u00bb][vc_custom_heading text=\u00bbObejo\u00bb font_container=\u00bbtag:h2|text_align:center\u00bb link=\u00bbtitle:Ovejo\u00bb][\/vc_column][vc_column width=\u00bb1\/4&#8243;][vc_empty_space height=\u00bb3em\u00bb alter_height=\u00bbsmall\u00bb hide_on_mobile=\u00bb1&#8243;][vc_single_image image=\u00bb1108&#8243; img_size=\u00bblarge\u00bb][vc_custom_heading text=\u00bbValsequillo\u00bb font_container=\u00bbtag:h2|text_align:center\u00bb link=\u00bbtitle:Valsequillo\u00bb][\/vc_column][\/vc_row][vc_row][vc_column width=\u00bb1\/4&#8243;][vc_empty_space height=\u00bb3em\u00bb alter_height=\u00bbsmall\u00bb hide_on_mobile=\u00bb1&#8243;][vc_single_image image=\u00bb1111&#8243; img_size=\u00bblarge\u00bb][vc_custom_heading text=\u00bbVillanueva del Rey\u00bb font_container=\u00bbtag:h2|text_align:center\u00bb link=\u00bbtitle:Villanueva%20del%20Rey\u00bb][\/vc_column][vc_column width=\u00bb1\/4&#8243;][vc_empty_space height=\u00bb3em\u00bb alter_height=\u00bbsmall\u00bb hide_on_mobile=\u00bb1&#8243;][vc_single_image image=\u00bb1109&#8243; img_size=\u00bblarge\u00bb][vc_custom_heading text=\u00bbVillaviciosa de C\u00f3rdoba\u00bb font_container=\u00bbtag:h2|text_align:center\u00bb link=\u00bbtitle:Villaviciosa\u00bb][\/vc_column][vc_column width=\u00bb1\/4&#8243;][vc_empty_space height=\u00bb3em\u00bb alter_height=\u00bbsmall\u00bb hide_on_mobile=\u00bb1&#8243;][vc_single_image image=\u00bb1110&#8243; img_size=\u00bblarge\u00bb][vc_custom_heading text=\u00bbVillaharta\u00bb font_container=\u00bbtag:h2|text_align:center\u00bb link=\u00bbtitle:Villaviciosa\u00bb][\/vc_column][vc_column width=\u00bb1\/4&#8243;][\/vc_column][\/vc_row][vc_row][vc_column][vc_empty_space height=\u00bb3em\u00bb alter_height=\u00bbsmall\u00bb hide_on_mobile=\u00bb1&#8243;][vc_empty_space height=\u00bb3em\u00bb alter_height=\u00bbnone\u00bb hide_on_mobile=\u00bb\u00bb][vc_empty_space height=\u00bb1.45em\u00bb alter_height=\u00bbnone\u00bb hide_on_mobile=\u00bb1&#8243;][\/vc_column][\/vc_row][vc_row full_width=\u00bbstretch_row\u00bb scheme=\u00bbdark\u00bb css=\u00bb.vc_custom_1639567231290{background-color: #353a48 !important;background-position: center !important;background-repeat: no-repeat !important;background-size: cover !important;}\u00bb][vc_column][vc_empty_space alter_height=\u00bbmedium\u00bb hide_on_mobile=\u00bb1&#8243;][vc_empty_space height=\u00bb3em\u00bb alter_height=\u00bbnone\u00bb hide_on_mobile=\u00bb\u00bb][vc_empty_space height=\u00bb2.55em\u00bb alter_height=\u00bbnone\u00bb hide_on_mobile=\u00bb1&#8243;]<div id=\"sc_services_1966986029\" class=\"sc_services sc_services_default sc_services_featured_top\"><h3 class=\"sc_item_title sc_services_title sc_align_center sc_item_title_style_default\">Memoria Democr\u00e1tica<\/h3><div class=\"sc_services_columns sc_item_columns sc_item_columns_3 trx_addons_columns_wrap columns_padding_bottom\"><div class=\"trx_addons_column-1_3\"><div class=\"sc_services_item without_content with_image sc_services_item_featured_top\">\r\n\t<div class=\"post_featured with_thumb hover_dots sc_services_item_thumb\"><img loading=\"lazy\" decoding=\"async\" width=\"225\" height=\"225\" src=\"https:\/\/xn--memoriademocraticadepearroyapueblonuevo-1yd.es\/wp-content\/uploads\/2017\/01\/images.png\" class=\"attachment-legal_stone-thumb-med size-legal_stone-thumb-med wp-post-image\" alt=\"Jos\u00e9 Murillo Campos\" srcset=\"https:\/\/xn--memoriademocraticadepearroyapueblonuevo-1yd.es\/wp-content\/uploads\/2017\/01\/images.png 225w, https:\/\/xn--memoriademocraticadepearroyapueblonuevo-1yd.es\/wp-content\/uploads\/2017\/01\/images-150x150.png 150w\" sizes=\"auto, (max-width: 225px) 100vw, 225px\" \/><div class=\"mask\"><\/div><a href=\"https:\/\/xn--memoriademocraticadepearroyapueblonuevo-1yd.es\/index.php\/2016\/12\/13\/disability-lawsuits-and-their-prospectives\/\" aria-hidden=\"true\" class=\"icons\"><span><\/span><span><\/span><span><\/span><\/a><\/div>\t\r\n\t<div class=\"sc_services_item_info\">\r\n\t\t<div class=\"sc_services_item_header\">\r\n\t\t\t<h4 class=\"sc_services_item_title\"><a href=\"https:\/\/xn--memoriademocraticadepearroyapueblonuevo-1yd.es\/index.php\/2016\/12\/13\/disability-lawsuits-and-their-prospectives\/\">Jos\u00e9 Murillo Campos<\/a><\/h4>\r\n\t\t\t<div class=\"sc_services_item_subtitle\"><\/div>\r\n\t\t<\/div>\r\n\t\t        \t<\/div>\r\n<\/div>\r\n<\/div><div class=\"trx_addons_column-1_3\"><div class=\"sc_services_item without_content with_image sc_services_item_featured_top\">\r\n\t<div class=\"post_featured with_thumb hover_dots sc_services_item_thumb\"><img loading=\"lazy\" decoding=\"async\" width=\"370\" height=\"270\" src=\"https:\/\/xn--memoriademocraticadepearroyapueblonuevo-1yd.es\/wp-content\/uploads\/2016\/12\/Manuel-Camacho-370x270.png\" class=\"attachment-legal_stone-thumb-med size-legal_stone-thumb-med wp-post-image\" alt=\"Manuel Camacho Romero\" \/><div class=\"mask\"><\/div><a href=\"https:\/\/xn--memoriademocraticadepearroyapueblonuevo-1yd.es\/index.php\/2016\/12\/20\/lawyers-spar-over-a-climate-change-class-action\/\" aria-hidden=\"true\" class=\"icons\"><span><\/span><span><\/span><span><\/span><\/a><\/div>\t\r\n\t<div class=\"sc_services_item_info\">\r\n\t\t<div class=\"sc_services_item_header\">\r\n\t\t\t<h4 class=\"sc_services_item_title\"><a href=\"https:\/\/xn--memoriademocraticadepearroyapueblonuevo-1yd.es\/index.php\/2016\/12\/20\/lawyers-spar-over-a-climate-change-class-action\/\">Manuel Camacho Romero<\/a><\/h4>\r\n\t\t\t<div class=\"sc_services_item_subtitle\"><\/div>\r\n\t\t<\/div>\r\n\t\t        \t<\/div>\r\n<\/div>\r\n<\/div><div class=\"trx_addons_column-1_3\"><div class=\"sc_services_item without_content with_image sc_services_item_featured_top\">\r\n\t<div class=\"post_featured with_thumb hover_dots sc_services_item_thumb\"><img loading=\"lazy\" decoding=\"async\" width=\"225\" height=\"225\" src=\"https:\/\/xn--memoriademocraticadepearroyapueblonuevo-1yd.es\/wp-content\/uploads\/2017\/01\/images.png\" class=\"attachment-legal_stone-thumb-med size-legal_stone-thumb-med wp-post-image\" alt=\"Juan Ramos Romero\" srcset=\"https:\/\/xn--memoriademocraticadepearroyapueblonuevo-1yd.es\/wp-content\/uploads\/2017\/01\/images.png 225w, https:\/\/xn--memoriademocraticadepearroyapueblonuevo-1yd.es\/wp-content\/uploads\/2017\/01\/images-150x150.png 150w\" sizes=\"auto, (max-width: 225px) 100vw, 225px\" \/><div class=\"mask\"><\/div><a href=\"https:\/\/xn--memoriademocraticadepearroyapueblonuevo-1yd.es\/index.php\/2017\/01\/05\/juan-ramos-romero\/\" aria-hidden=\"true\" class=\"icons\"><span><\/span><span><\/span><span><\/span><\/a><\/div>\t\r\n\t<div class=\"sc_services_item_info\">\r\n\t\t<div class=\"sc_services_item_header\">\r\n\t\t\t<h4 class=\"sc_services_item_title\"><a href=\"https:\/\/xn--memoriademocraticadepearroyapueblonuevo-1yd.es\/index.php\/2017\/01\/05\/juan-ramos-romero\/\">Juan Ramos Romero<\/a><\/h4>\r\n\t\t\t<div class=\"sc_services_item_subtitle\"><\/div>\r\n\t\t<\/div>\r\n\t\t        \t<\/div>\r\n<\/div>\r\n<\/div><\/div><\/div><!-- \/.sc_services -->[vc_btn title=\u00bbVer m\u00e1s\u00bb color=\u00bbdanger\u00bb align=\u00bbcenter\u00bb link=\u00bburl:https%3A%2F%2Fmemoriademocraticadelguadiato.es%2Findex.php%2Fcategory%2Fmemoria-democratica%2F\u00bb][vc_empty_space height=\u00bb1.1em\u00bb alter_height=\u00bbnone\u00bb hide_on_mobile=\u00bb1&#8243;][vc_empty_space height=\u00bb3em\u00bb alter_height=\u00bbnone\u00bb hide_on_mobile=\u00bb\u00bb][vc_empty_space alter_height=\u00bbsmall\u00bb hide_on_mobile=\u00bb1&#8243;][\/vc_column][\/vc_row]<\/p>\n","protected":false},"excerpt":{"rendered":"<p>[vc_row][vc_column][vc_empty_space height=\u00bb1em\u00bb alter_height=\u00bbnone\u00bb hide_on_mobile=\u00bb1&#8243;][\/vc_column][\/vc_row][vc_row][vc_column width=\u00bb1\/2&#8243;][vc_empty_space height=\u00bb2em\u00bb alter_height=\u00bbnone\u00bb hide_on_mobile=\u00bb\u00bb][vc_single_image image=\u00bb954&#8243; img_size=\u00bbfull\u00bb alignment=\u00bbcenter\u00bb][\/vc_column][vc_column width=\u00bb1\/2&#8243;][vc_empty_space height=\u00bb2em\u00bb alter_height=\u00bbnone\u00bb hide_on_mobile=\u00bb\u00bb][vc_empty_space height=\u00bb0.2em\u00bb alter_height=\u00bbnone\u00bb hide_on_mobile=\u00bb\u00bb][vc_column_text]El Valle del Guadiato es una comarca de la provincia de C\u00f3rdoba integrada por 11 municipios y que toma su nombre del r\u00edo Guadiato y del valle que&hellip;<\/p>\n","protected":false},"author":1,"featured_media":0,"parent":0,"menu_order":0,"comment_status":"closed","ping_status":"closed","template":"","meta":{"_exactmetrics_skip_tracking":false,"_exactmetrics_sitenote_active":false,"_exactmetrics_sitenote_note":"","_exactmetrics_sitenote_category":0,"footnotes":""},"class_list":["post-854","page","type-page","status-publish","hentry"],"yoast_head":"<!-- This site is optimized with the Yoast SEO plugin v27.2 - https:\/\/yoast.com\/product\/yoast-seo-wordpress\/ -->\n<title>Memoria democr\u00e1tica en los pueblos del Guadiato<\/title>\n<meta name=\"description\" content=\"Memoria democr\u00e1tica en los pueblos del Guadiato\" \/>\n<meta name=\"robots\" content=\"index, follow, max-snippet:-1, max-image-preview:large, max-video-preview:-1\" \/>\n<link rel=\"canonical\" href=\"https:\/\/xn--memoriademocraticadepearroyapueblonuevo-1yd.es\/index.php\/guadiato\/\" \/>\n<meta property=\"og:locale\" content=\"es_ES\" \/>\n<meta property=\"og:type\" content=\"article\" \/>\n<meta property=\"og:title\" content=\"Memoria democr\u00e1tica en los pueblos del Guadiato\" \/>\n<meta property=\"og:description\" content=\"Memoria democr\u00e1tica en los pueblos del Guadiato\" \/>\n<meta property=\"og:url\" content=\"https:\/\/xn--memoriademocraticadepearroyapueblonuevo-1yd.es\/index.php\/guadiato\/\" \/>\n<meta property=\"og:site_name\" content=\"Memoria democr&aacute;tica del Guadiato\" \/>\n<meta property=\"article:modified_time\" content=\"2022-08-02T17:17:31+00:00\" \/>\n<meta name=\"twitter:card\" content=\"summary_large_image\" \/>\n<meta name=\"twitter:label1\" content=\"Tiempo de lectura\" \/>\n\t<meta name=\"twitter:data1\" content=\"2 minutos\" \/>\n<script type=\"application\/ld+json\" class=\"yoast-schema-graph\">{\"@context\":\"https:\/\/schema.org\",\"@graph\":[{\"@type\":\"WebPage\",\"@id\":\"https:\/\/xn--memoriademocraticadepearroyapueblonuevo-1yd.es\/index.php\/guadiato\/\",\"url\":\"https:\/\/xn--memoriademocraticadepearroyapueblonuevo-1yd.es\/index.php\/guadiato\/\",\"name\":\"Memoria democr\u00e1tica en los pueblos del Guadiato\",\"isPartOf\":{\"@id\":\"https:\/\/xn--memoriademocraticadepearroyapueblonuevo-1yd.es\/#website\"},\"datePublished\":\"2021-12-14T15:14:47+00:00\",\"dateModified\":\"2022-08-02T17:17:31+00:00\",\"description\":\"Memoria democr\u00e1tica en los pueblos del Guadiato\",\"breadcrumb\":{\"@id\":\"https:\/\/xn--memoriademocraticadepearroyapueblonuevo-1yd.es\/index.php\/guadiato\/#breadcrumb\"},\"inLanguage\":\"es\",\"potentialAction\":[{\"@type\":\"ReadAction\",\"target\":[\"https:\/\/xn--memoriademocraticadepearroyapueblonuevo-1yd.es\/index.php\/guadiato\/\"]}]},{\"@type\":\"BreadcrumbList\",\"@id\":\"https:\/\/xn--memoriademocraticadepearroyapueblonuevo-1yd.es\/index.php\/guadiato\/#breadcrumb\",\"itemListElement\":[{\"@type\":\"ListItem\",\"position\":1,\"name\":\"Portada\",\"item\":\"https:\/\/xn--memoriademocraticadepearroyapueblonuevo-1yd.es\/\"},{\"@type\":\"ListItem\",\"position\":2,\"name\":\"Guadiato\"}]},{\"@type\":\"WebSite\",\"@id\":\"https:\/\/xn--memoriademocraticadepearroyapueblonuevo-1yd.es\/#website\",\"url\":\"https:\/\/xn--memoriademocraticadepearroyapueblonuevo-1yd.es\/\",\"name\":\"Memoria democr&aacute;tica del Guadiato\",\"description\":\"Memoria democr&aacute;tica del Guadiato\",\"potentialAction\":[{\"@type\":\"SearchAction\",\"target\":{\"@type\":\"EntryPoint\",\"urlTemplate\":\"https:\/\/xn--memoriademocraticadepearroyapueblonuevo-1yd.es\/?s={search_term_string}\"},\"query-input\":{\"@type\":\"PropertyValueSpecification\",\"valueRequired\":true,\"valueName\":\"search_term_string\"}}],\"inLanguage\":\"es\"}]}<\/script>\n<!-- \/ Yoast SEO plugin. -->","yoast_head_json":{"title":"Memoria democr\u00e1tica en los pueblos del Guadiato","description":"Memoria democr\u00e1tica en los pueblos del Guadiato","robots":{"index":"index","follow":"follow","max-snippet":"max-snippet:-1","max-image-preview":"max-image-preview:large","max-video-preview":"max-video-preview:-1"},"canonical":"https:\/\/xn--memoriademocraticadepearroyapueblonuevo-1yd.es\/index.php\/guadiato\/","og_locale":"es_ES","og_type":"article","og_title":"Memoria democr\u00e1tica en los pueblos del Guadiato","og_description":"Memoria democr\u00e1tica en los pueblos del Guadiato","og_url":"https:\/\/xn--memoriademocraticadepearroyapueblonuevo-1yd.es\/index.php\/guadiato\/","og_site_name":"Memoria democr&aacute;tica del Guadiato","article_modified_time":"2022-08-02T17:17:31+00:00","twitter_card":"summary_large_image","twitter_misc":{"Tiempo de lectura":"2 minutos"},"schema":{"@context":"https:\/\/schema.org","@graph":[{"@type":"WebPage","@id":"https:\/\/xn--memoriademocraticadepearroyapueblonuevo-1yd.es\/index.php\/guadiato\/","url":"https:\/\/xn--memoriademocraticadepearroyapueblonuevo-1yd.es\/index.php\/guadiato\/","name":"Memoria democr\u00e1tica en los pueblos del Guadiato","isPartOf":{"@id":"https:\/\/xn--memoriademocraticadepearroyapueblonuevo-1yd.es\/#website"},"datePublished":"2021-12-14T15:14:47+00:00","dateModified":"2022-08-02T17:17:31+00:00","description":"Memoria democr\u00e1tica en los pueblos del Guadiato","breadcrumb":{"@id":"https:\/\/xn--memoriademocraticadepearroyapueblonuevo-1yd.es\/index.php\/guadiato\/#breadcrumb"},"inLanguage":"es","potentialAction":[{"@type":"ReadAction","target":["https:\/\/xn--memoriademocraticadepearroyapueblonuevo-1yd.es\/index.php\/guadiato\/"]}]},{"@type":"BreadcrumbList","@id":"https:\/\/xn--memoriademocraticadepearroyapueblonuevo-1yd.es\/index.php\/guadiato\/#breadcrumb","itemListElement":[{"@type":"ListItem","position":1,"name":"Portada","item":"https:\/\/xn--memoriademocraticadepearroyapueblonuevo-1yd.es\/"},{"@type":"ListItem","position":2,"name":"Guadiato"}]},{"@type":"WebSite","@id":"https:\/\/xn--memoriademocraticadepearroyapueblonuevo-1yd.es\/#website","url":"https:\/\/xn--memoriademocraticadepearroyapueblonuevo-1yd.es\/","name":"Memoria democr&aacute;tica del Guadiato","description":"Memoria democr&aacute;tica del Guadiato","potentialAction":[{"@type":"SearchAction","target":{"@type":"EntryPoint","urlTemplate":"https:\/\/xn--memoriademocraticadepearroyapueblonuevo-1yd.es\/?s={search_term_string}"},"query-input":{"@type":"PropertyValueSpecification","valueRequired":true,"valueName":"search_term_string"}}],"inLanguage":"es"}]}},"_links":{"self":[{"href":"https:\/\/xn--memoriademocraticadepearroyapueblonuevo-1yd.es\/index.php\/wp-json\/wp\/v2\/pages\/854","targetHints":{"allow":["GET"]}}],"collection":[{"href":"https:\/\/xn--memoriademocraticadepearroyapueblonuevo-1yd.es\/index.php\/wp-json\/wp\/v2\/pages"}],"about":[{"href":"https:\/\/xn--memoriademocraticadepearroyapueblonuevo-1yd.es\/index.php\/wp-json\/wp\/v2\/types\/page"}],"author":[{"embeddable":true,"href":"https:\/\/xn--memoriademocraticadepearroyapueblonuevo-1yd.es\/index.php\/wp-json\/wp\/v2\/users\/1"}],"replies":[{"embeddable":true,"href":"https:\/\/xn--memoriademocraticadepearroyapueblonuevo-1yd.es\/index.php\/wp-json\/wp\/v2\/comments?post=854"}],"version-history":[{"count":27,"href":"https:\/\/xn--memoriademocraticadepearroyapueblonuevo-1yd.es\/index.php\/wp-json\/wp\/v2\/pages\/854\/revisions"}],"predecessor-version":[{"id":1675,"href":"https:\/\/xn--memoriademocraticadepearroyapueblonuevo-1yd.es\/index.php\/wp-json\/wp\/v2\/pages\/854\/revisions\/1675"}],"wp:attachment":[{"href":"https:\/\/xn--memoriademocraticadepearroyapueblonuevo-1yd.es\/index.php\/wp-json\/wp\/v2\/media?parent=854"}],"curies":[{"name":"wp","href":"https:\/\/api.w.org\/{rel}","templated":true}]}}