{"id":212,"date":"2017-02-26T12:19:25","date_gmt":"2017-02-26T12:19:25","guid":{"rendered":"https:\/\/xn--memoriademocraticadepearroyapueblonuevo-1yd.es\/?page_id=212"},"modified":"2022-05-09T08:12:42","modified_gmt":"2022-05-09T08:12:42","slug":"presentacion","status":"publish","type":"page","link":"https:\/\/xn--memoriademocraticadepearroyapueblonuevo-1yd.es\/index.php\/presentacion\/","title":{"rendered":"Presentaci\u00f3n"},"content":{"rendered":"<p>[vc_row][vc_column][vc_empty_space height=\u00bb2.5em\u00bb alter_height=\u00bbnone\u00bb hide_on_mobile=\u00bb\u00bb][\/vc_column][\/vc_row][vc_row][vc_column width=\u00bb1\/2&#8243;][vc_empty_space height=\u00bb0.5em\u00bb alter_height=\u00bbnone\u00bb hide_on_mobile=\u00bb\u00bb][vc_single_image image=\u00bb944&#8243; img_size=\u00bbfull\u00bb][\/vc_column][vc_column width=\u00bb1\/2&#8243;][vc_empty_space height=\u00bb0.5em\u00bb alter_height=\u00bbnone\u00bb hide_on_mobile=\u00bb\u00bb]<div id=\"sc_title_1233631332\"\r\n\t\tclass=\"sc_title sc_title_default\"><h1 class=\"sc_item_title sc_title_title sc_align_left sc_item_title_style_default sc_item_title_tag\">Saluda<\/h1><\/div><!-- \/.sc_title -->[vc_empty_space height=\u00bb1.9em\u00bb alter_height=\u00bbnone\u00bb hide_on_mobile=\u00bb1&#8243;][vc_column_text]A lo largo de los \u00faltimos meses, y por iniciativa del Ayuntamiento de Pe\u00f1arroya-Pueblonuevo,\u00a0se ha venido desarrollando, gracias a la colaboraci\u00f3n de la Diputaci\u00f3n de C\u00f3rdoba, un proyecto\u00a0relacionado con la memoria democr\u00e1tica en nuestro municipio.<\/p>\n<p>Concretamente, se ha venido trabajando en la creaci\u00f3n de un portal web cuyo objetivo principal\u00a0es aunar en un solo espacio toda la informaci\u00f3n de la que sea posible disponer por parte de\u00a0archivos oficiales, asociaciones, fundaciones o particulares que tengan relaci\u00f3n con la memoria\u00a0democr\u00e1tica de Pe\u00f1arroya-Pueblonuevo.[\/vc_column_text][\/vc_column][\/vc_row][vc_row][vc_column][vc_empty_space height=\u00bb1.9em\u00bb alter_height=\u00bbnone\u00bb hide_on_mobile=\u00bb1&#8243;][vc_column_text]Con este proyecto se pretende dar visibilidad a dicha tem\u00e1tica, y crear un fondo de contenidos\u00a0y base de consultas para todos los archivos y documentos. Habr\u00e1 algunos que sean f\u00edsicos, los\u00a0cuales se pretenden digitalizar convenientemente, y otros que sean archivos multimedia,\u00a0im\u00e1genes, v\u00eddeos y audios, planos y localizaciones, etc, relacionados con la memoria\u00a0democr\u00e1tica de nuestra localidad. Se pretende recabar todos los informes, procesos,\u00a0testimonios orales, rutas, lugares y emplazamientos, etc, que sean de inter\u00e9s y sean\u00a0considerados elementos de memoria democr\u00e1tica.<\/p>\n<p>De esta manera pretendemos conseguir, por un lado, la puesta en valor de estos elementos,\u00a0dando visibilidad a los mismos, y, por otro, crear un archivo digital, como legado cultural, que\u00a0sirva de uso para investigadores, familiares y toda aquella persona que est\u00e9 interesada en\u00a0obtener informacion sobre dicha tem\u00e1tica.<\/p>\n<p>Desde el Ayuntamiento de Pe\u00f1arroya-Pueblonuevo creemos que estamos saldando una deuda\u00a0pendiente con nuestros antepasados, poniendo en valor su recuerdo. Como sociedad\u00a0democr\u00e1tica, debemos trabajar para reparar el da\u00f1o generado por el silencio, y recuperar a las\u00a0v\u00edctimas que lucharon por la libertad y la democracia.<\/p>\n<p>Un saludo,<\/p>\n<p>Jos\u00e9 Ignacio Exp\u00f3sito Prats<br \/>\nAlcalde de Pe\u00f1arroya-Pueblonuevo[\/vc_column_text][vc_empty_space height=\u00bb0.5em\u00bb alter_height=\u00bbnone\u00bb hide_on_mobile=\u00bb\u00bb][vc_empty_space height=\u00bb3em\u00bb alter_height=\u00bbnone\u00bb hide_on_mobile=\u00bb\u00bb][vc_empty_space alter_height=\u00bblarge\u00bb hide_on_mobile=\u00bb1&#8243;][\/vc_column][\/vc_row][vc_row full_width=\u00bbstretch_row\u00bb css=\u00bb.vc_custom_1488111537910{background-color: #f7f7f7 !important;}\u00bb][vc_column]<div class=\"sc_layouts sc_layouts_default sc_layouts_673\">[vc_row][vc_column icons_position=\"left\"][vc_empty_space height=\"2em\" alter_height=\"none\" hide_on_mobile=\"\"][vc_empty_space height=\"2em\" alter_height=\"none\" hide_on_mobile=\"\"][vc_column_text]\r\n<h3 style=\"text-align: center;\">Esta p\u00e1gina est\u00e1 alineada con varias de las actuaciones localizadas en las metas de ODS apoyadas por la Diputaci\u00f3n de C\u00f3rdoba.<\/h3>\r\n[\/vc_column_text][vc_empty_space height=\"2em\" alter_height=\"none\" hide_on_mobile=\"\"][\/vc_column][\/vc_row][vc_row][vc_column width=\"1\/3\" icons_position=\"left\"][vc_single_image image=\"1181\" alignment=\"center\"][\/vc_column][vc_column width=\"1\/3\" icons_position=\"left\"][vc_single_image image=\"1182\" alignment=\"center\"][\/vc_column][vc_column width=\"1\/3\" icons_position=\"left\"][vc_single_image image=\"1183\" alignment=\"center\"][\/vc_column][\/vc_row][vc_row][vc_column icons_position=\"left\"][vc_empty_space height=\"2em\" alter_height=\"none\" hide_on_mobile=\"\"][vc_empty_space height=\"2em\" alter_height=\"none\" hide_on_mobile=\"\"][\/vc_column][\/vc_row]<\/div>[\/vc_column][\/vc_row][vc_row][vc_column][vc_empty_space height=\u00bb1.1em\u00bb alter_height=\u00bbnone\u00bb hide_on_mobile=\u00bb1&#8243;][\/vc_column][\/vc_row]<\/p>\n","protected":false},"excerpt":{"rendered":"<p>[vc_row][vc_column][vc_empty_space height=\u00bb2.5em\u00bb alter_height=\u00bbnone\u00bb hide_on_mobile=\u00bb\u00bb][\/vc_column][\/vc_row][vc_row][vc_column width=\u00bb1\/2&#8243;][vc_empty_space height=\u00bb0.5em\u00bb alter_height=\u00bbnone\u00bb hide_on_mobile=\u00bb\u00bb][vc_single_image image=\u00bb944&#8243; img_size=\u00bbfull\u00bb][\/vc_column][vc_column width=\u00bb1\/2&#8243;][vc_empty_space height=\u00bb0.5em\u00bb alter_height=\u00bbnone\u00bb hide_on_mobile=\u00bb\u00bb][vc_empty_space height=\u00bb1.9em\u00bb alter_height=\u00bbnone\u00bb hide_on_mobile=\u00bb1&#8243;][vc_column_text]A lo largo de los \u00faltimos meses, y por iniciativa del Ayuntamiento de Pe\u00f1arroya-Pueblonuevo,\u00a0se ha venido desarrollando, gracias a la colaboraci\u00f3n de la Diputaci\u00f3n de C\u00f3rdoba, un proyecto\u00a0relacionado con&hellip;<\/p>\n","protected":false},"author":1,"featured_media":0,"parent":0,"menu_order":0,"comment_status":"closed","ping_status":"closed","template":"","meta":{"_exactmetrics_skip_tracking":false,"_exactmetrics_sitenote_active":false,"_exactmetrics_sitenote_note":"","_exactmetrics_sitenote_category":0,"footnotes":""},"class_list":["post-212","page","type-page","status-publish","hentry"],"yoast_head":"<!-- This site is optimized with the Yoast SEO plugin v27.2 - https:\/\/yoast.com\/product\/yoast-seo-wordpress\/ -->\n<title>Presentaci\u00f3n Memoria Democr\u00e1tica de Pe\u00f1arroya Pueblonuevo<\/title>\n<meta name=\"description\" content=\"Presentaci\u00f3n Memoria Democr\u00e1tica de Pe\u00f1arroya Pueblonuevo\" \/>\n<meta name=\"robots\" content=\"index, follow, max-snippet:-1, max-image-preview:large, max-video-preview:-1\" \/>\n<link rel=\"canonical\" href=\"https:\/\/xn--memoriademocraticadepearroyapueblonuevo-1yd.es\/index.php\/presentacion\/\" \/>\n<meta property=\"og:locale\" content=\"es_ES\" \/>\n<meta property=\"og:type\" content=\"article\" \/>\n<meta property=\"og:title\" content=\"Presentaci\u00f3n Memoria Democr\u00e1tica de Pe\u00f1arroya Pueblonuevo\" \/>\n<meta property=\"og:description\" content=\"Presentaci\u00f3n Memoria Democr\u00e1tica de Pe\u00f1arroya Pueblonuevo\" \/>\n<meta property=\"og:url\" content=\"https:\/\/xn--memoriademocraticadepearroyapueblonuevo-1yd.es\/index.php\/presentacion\/\" \/>\n<meta property=\"og:site_name\" content=\"Memoria democr&aacute;tica del Guadiato\" \/>\n<meta property=\"article:modified_time\" content=\"2022-05-09T08:12:42+00:00\" \/>\n<meta name=\"twitter:card\" content=\"summary_large_image\" \/>\n<meta name=\"twitter:label1\" content=\"Tiempo de lectura\" \/>\n\t<meta name=\"twitter:data1\" content=\"2 minutos\" \/>\n<script type=\"application\/ld+json\" class=\"yoast-schema-graph\">{\"@context\":\"https:\/\/schema.org\",\"@graph\":[{\"@type\":\"WebPage\",\"@id\":\"https:\/\/xn--memoriademocraticadepearroyapueblonuevo-1yd.es\/index.php\/presentacion\/\",\"url\":\"https:\/\/xn--memoriademocraticadepearroyapueblonuevo-1yd.es\/index.php\/presentacion\/\",\"name\":\"Presentaci\u00f3n Memoria Democr\u00e1tica de Pe\u00f1arroya Pueblonuevo\",\"isPartOf\":{\"@id\":\"https:\/\/xn--memoriademocraticadepearroyapueblonuevo-1yd.es\/#website\"},\"datePublished\":\"2017-02-26T12:19:25+00:00\",\"dateModified\":\"2022-05-09T08:12:42+00:00\",\"description\":\"Presentaci\u00f3n Memoria Democr\u00e1tica de Pe\u00f1arroya Pueblonuevo\",\"breadcrumb\":{\"@id\":\"https:\/\/xn--memoriademocraticadepearroyapueblonuevo-1yd.es\/index.php\/presentacion\/#breadcrumb\"},\"inLanguage\":\"es\",\"potentialAction\":[{\"@type\":\"ReadAction\",\"target\":[\"https:\/\/xn--memoriademocraticadepearroyapueblonuevo-1yd.es\/index.php\/presentacion\/\"]}]},{\"@type\":\"BreadcrumbList\",\"@id\":\"https:\/\/xn--memoriademocraticadepearroyapueblonuevo-1yd.es\/index.php\/presentacion\/#breadcrumb\",\"itemListElement\":[{\"@type\":\"ListItem\",\"position\":1,\"name\":\"Portada\",\"item\":\"https:\/\/xn--memoriademocraticadepearroyapueblonuevo-1yd.es\/\"},{\"@type\":\"ListItem\",\"position\":2,\"name\":\"Presentaci\u00f3n\"}]},{\"@type\":\"WebSite\",\"@id\":\"https:\/\/xn--memoriademocraticadepearroyapueblonuevo-1yd.es\/#website\",\"url\":\"https:\/\/xn--memoriademocraticadepearroyapueblonuevo-1yd.es\/\",\"name\":\"Memoria democr&aacute;tica del Guadiato\",\"description\":\"Memoria democr&aacute;tica del Guadiato\",\"potentialAction\":[{\"@type\":\"SearchAction\",\"target\":{\"@type\":\"EntryPoint\",\"urlTemplate\":\"https:\/\/xn--memoriademocraticadepearroyapueblonuevo-1yd.es\/?s={search_term_string}\"},\"query-input\":{\"@type\":\"PropertyValueSpecification\",\"valueRequired\":true,\"valueName\":\"search_term_string\"}}],\"inLanguage\":\"es\"}]}<\/script>\n<!-- \/ Yoast SEO plugin. -->","yoast_head_json":{"title":"Presentaci\u00f3n Memoria Democr\u00e1tica de Pe\u00f1arroya Pueblonuevo","description":"Presentaci\u00f3n Memoria Democr\u00e1tica de Pe\u00f1arroya Pueblonuevo","robots":{"index":"index","follow":"follow","max-snippet":"max-snippet:-1","max-image-preview":"max-image-preview:large","max-video-preview":"max-video-preview:-1"},"canonical":"https:\/\/xn--memoriademocraticadepearroyapueblonuevo-1yd.es\/index.php\/presentacion\/","og_locale":"es_ES","og_type":"article","og_title":"Presentaci\u00f3n Memoria Democr\u00e1tica de Pe\u00f1arroya Pueblonuevo","og_description":"Presentaci\u00f3n Memoria Democr\u00e1tica de Pe\u00f1arroya Pueblonuevo","og_url":"https:\/\/xn--memoriademocraticadepearroyapueblonuevo-1yd.es\/index.php\/presentacion\/","og_site_name":"Memoria democr&aacute;tica del Guadiato","article_modified_time":"2022-05-09T08:12:42+00:00","twitter_card":"summary_large_image","twitter_misc":{"Tiempo de lectura":"2 minutos"},"schema":{"@context":"https:\/\/schema.org","@graph":[{"@type":"WebPage","@id":"https:\/\/xn--memoriademocraticadepearroyapueblonuevo-1yd.es\/index.php\/presentacion\/","url":"https:\/\/xn--memoriademocraticadepearroyapueblonuevo-1yd.es\/index.php\/presentacion\/","name":"Presentaci\u00f3n Memoria Democr\u00e1tica de Pe\u00f1arroya Pueblonuevo","isPartOf":{"@id":"https:\/\/xn--memoriademocraticadepearroyapueblonuevo-1yd.es\/#website"},"datePublished":"2017-02-26T12:19:25+00:00","dateModified":"2022-05-09T08:12:42+00:00","description":"Presentaci\u00f3n Memoria Democr\u00e1tica de Pe\u00f1arroya Pueblonuevo","breadcrumb":{"@id":"https:\/\/xn--memoriademocraticadepearroyapueblonuevo-1yd.es\/index.php\/presentacion\/#breadcrumb"},"inLanguage":"es","potentialAction":[{"@type":"ReadAction","target":["https:\/\/xn--memoriademocraticadepearroyapueblonuevo-1yd.es\/index.php\/presentacion\/"]}]},{"@type":"BreadcrumbList","@id":"https:\/\/xn--memoriademocraticadepearroyapueblonuevo-1yd.es\/index.php\/presentacion\/#breadcrumb","itemListElement":[{"@type":"ListItem","position":1,"name":"Portada","item":"https:\/\/xn--memoriademocraticadepearroyapueblonuevo-1yd.es\/"},{"@type":"ListItem","position":2,"name":"Presentaci\u00f3n"}]},{"@type":"WebSite","@id":"https:\/\/xn--memoriademocraticadepearroyapueblonuevo-1yd.es\/#website","url":"https:\/\/xn--memoriademocraticadepearroyapueblonuevo-1yd.es\/","name":"Memoria democr&aacute;tica del Guadiato","description":"Memoria democr&aacute;tica del Guadiato","potentialAction":[{"@type":"SearchAction","target":{"@type":"EntryPoint","urlTemplate":"https:\/\/xn--memoriademocraticadepearroyapueblonuevo-1yd.es\/?s={search_term_string}"},"query-input":{"@type":"PropertyValueSpecification","valueRequired":true,"valueName":"search_term_string"}}],"inLanguage":"es"}]}},"_links":{"self":[{"href":"https:\/\/xn--memoriademocraticadepearroyapueblonuevo-1yd.es\/index.php\/wp-json\/wp\/v2\/pages\/212","targetHints":{"allow":["GET"]}}],"collection":[{"href":"https:\/\/xn--memoriademocraticadepearroyapueblonuevo-1yd.es\/index.php\/wp-json\/wp\/v2\/pages"}],"about":[{"href":"https:\/\/xn--memoriademocraticadepearroyapueblonuevo-1yd.es\/index.php\/wp-json\/wp\/v2\/types\/page"}],"author":[{"embeddable":true,"href":"https:\/\/xn--memoriademocraticadepearroyapueblonuevo-1yd.es\/index.php\/wp-json\/wp\/v2\/users\/1"}],"replies":[{"embeddable":true,"href":"https:\/\/xn--memoriademocraticadepearroyapueblonuevo-1yd.es\/index.php\/wp-json\/wp\/v2\/comments?post=212"}],"version-history":[{"count":32,"href":"https:\/\/xn--memoriademocraticadepearroyapueblonuevo-1yd.es\/index.php\/wp-json\/wp\/v2\/pages\/212\/revisions"}],"predecessor-version":[{"id":1529,"href":"https:\/\/xn--memoriademocraticadepearroyapueblonuevo-1yd.es\/index.php\/wp-json\/wp\/v2\/pages\/212\/revisions\/1529"}],"wp:attachment":[{"href":"https:\/\/xn--memoriademocraticadepearroyapueblonuevo-1yd.es\/index.php\/wp-json\/wp\/v2\/media?parent=212"}],"curies":[{"name":"wp","href":"https:\/\/api.w.org\/{rel}","templated":true}]}}